{"id":281,"date":"2024-05-30T12:40:19","date_gmt":"2024-05-30T10:40:19","guid":{"rendered":"https:\/\/allianz-wasserstoffsicherheit.de\/datenschutz\/"},"modified":"2025-04-02T13:44:04","modified_gmt":"2025-04-02T11:44:04","slug":"privacy-policy","status":"publish","type":"page","link":"https:\/\/allianz-wasserstoffsicherheit.de\/en\/privacy-policy\/","title":{"rendered":"Privacy policy"},"content":{"rendered":"<p><strong>Datenschutzerkl\u00e4rung<\/strong><\/p>\n<p>F\u00fcr die Verarbeitung personenbezogener Daten bei der Nutzung dieser Webseite ist die Physikalisch-Technische Bundesanstalt (PTB) Braunschweig und Berlin, vertreten durch die Pr\u00e4sidentin Prof. Dr. Cornelia Denz, Bundesallee 100, 38116 Braunschweig, Deutschland, Tel.: +49 (0)531 592-0, E-Mail: info@ptb.de verantwortlich.<\/p>\n<p>Nachfolgend m\u00f6chte Sie die PTB \u00fcber die bei der Nutzung dieser Webseite verarbeiteten personenbezogenen Daten und die Ihnen in diesem Zusammenhang gew\u00e4hrten Rechte informieren.<\/p>\n<h3>I. Datenverarbeitung<\/h3>\n<h4>1. Besuch der Webseite<\/h4>\n<p>Bei Ihrem Besuch auf dieser Webseite verarbeitet die PTB folgende Daten im Wege der automatischen Protokollierung:<\/p>\n<p>IP-Adresse<br \/>\nDatum und Uhrzeit<br \/>\nMeldung, ob der Zugriff \/ Abruf erfolgreich war<br \/>\nAufgerufene Seite \/ Name der abgerufenen Datei<br \/>\n\u00dcbertragene Datenmenge<\/p>\n<p>Die Verarbeitung erfolgt auf Grundlage von Artikel 6 Absatz 1 lit. f der Datenschutzgrundverordnung (DSGVO) wegen des berechtigten Interesses der PTB an der Erhaltung der dauerhaften Funktionsf\u00e4higkeit ihrer informationstechnischen Systeme und Technik der Internetseite. Diese Daten werden vor\u00fcbergehend, l\u00e4ngstens f\u00fcr 7 Tage, gespeichert und lediglich zu statistischen Zwecken, zur Verbesserung des Angebots und f\u00fcr die Gew\u00e4hrleistung des Datenschutzes und der Informationssicherheit in der PTB ausgewertet. Sollten sich konkrete Hinweise auf Straftaten oder Cyberangriffe ergeben, beh\u00e4lt sich die PTB vor, Protokolldaten an die zust\u00e4ndigen Strafverfolgungsbeh\u00f6rden zu \u00fcbermitteln.<\/p>\n<p>Eine andere Verwendung oder Weitergabe an Dritte erfolgt nicht.<\/p>\n<h4><strong>2.<\/strong> Cookies<\/h4>\n<p>Beim Aufruf einzelner Seiten werden so genannte tempor\u00e4re Session-Cookies verwendet und auf Ihrem Ger\u00e4t gespeichert, um die Navigation zu erleichtern. Diese Cookies enthalten keine personenbezogenen Daten und verfallen nach Ablauf der Sitzung.<\/p>\n<p>Techniken, wie z.B. Java-Applets oder Active-X-Controls, die es erm\u00f6glichen, das Zugriffsverhalten der Nutzer nachzuvollziehen, werden nicht eingesetzt.<\/p>\n<h4><strong>3.<\/strong> Kontaktaufnahme<strong> per E-Mail<\/strong><\/h4>\n<p>Wenn Sie mit der PTB per E-Mail Kontakt aufnehmen, werden die von Ihnen eingegebenen personenbezogenen Daten zum Zweck der Bearbeitung Ihres Anliegens und zur Kontaktaufnahme mit Ihnen verarbeitet.<\/p>\n<p>Auf welcher Rechtsgrundlage die Verarbeitung Ihrer Daten dabei erfolgt, richtet sich ma\u00dfgeblich nach Ihrem Anliegen. Wird die PTB bei dessen Bearbeitung im Rahmen der ihr \u00fcbertragenen Befugnisse und\/oder satzungsgem\u00e4\u00dfen Aufgaben t\u00e4tig, ist regelm\u00e4\u00dfig Art. 6 Abs. 1 lit. e, Abs. 3 DSGVO in Verbindung mit \u00a7 3 Bundesdatenschutzgesetz (BDSG) die Rechtsgrundlage.<\/p>\n<p>Ihre Daten werden nach der abschlie\u00dfenden Bearbeitung Ihres Anliegens gel\u00f6scht, soweit nicht gesetzliche Aufbewahrungsfristen entgegenstehen. Auch die einschl\u00e4gigen Aufbewahrungs- bzw. L\u00f6schungsfristen richten sich ma\u00dfgeblich nach dem von Ihnen verfolgten Anliegen. Die Aufbewahrung von B\u00fcrgeranfragen erfolgt gem\u00e4\u00df den f\u00fcr die Aufbewahrung von Schriftgut geltenden Fristen der Registraturrichtlinie, die die Gemeinsame Gesch\u00e4ftsordnung der Bundesministerien (GGO) erg\u00e4nzt. N\u00e4here Informationen erhalten Sie formlos auf Nachfrage oder im Wege eines Auskunftsersuchens nach Art. 15 DSGVO (siehe dazu weiter unten).<\/p>\n<p>Eine Weitergabe an Dritte erfolgt au\u00dfer in gesetzlich vorgesehenen F\u00e4llen und zur staatlichen Verfolgung von Straftaten oder zur Gefahrenabwehr nur, wenn Sie in diese eingewilligt haben.<\/p>\n<h3>II. Ihre Rechte als von der Verarbeitung betroffene Person<\/h3>\n<p>Ihnen stehen wegen der Verarbeitung Ihrer personenbezogenen Daten insbesondere folgende gesetzliche Rechte zu:<\/p>\n<p>Recht auf Auskunft: Hinsichtlich der von Ihnen durch die PTB verarbeiteten personenbezogenen Daten haben Sie gem\u00e4\u00df Art. 15 DSGVO das Recht auf kostenfreie Auskunft insbesondere \u00fcber:<\/p>\n<p>die Verarbeitungszwecke,<br \/>\ndie Kategorien personenbezogener Daten, die verarbeitet wurden,<br \/>\ndie Empf\u00e4nger oder Kategorien von Empf\u00e4ngern, gegen\u00fcber denen die personenbezogenen Daten offengelegt worden sind oder noch offengelegt werden,<br \/>\ndie geplante Speicherdauer bzw. die Kriterien f\u00fcr die Festlegung der Speicherdauer,<br \/>\ndie Herkunft der Daten, wenn diese nicht von der PTB bei Ihnen erhoben worden sind<\/p>\n<p>Bei der Beantwortung eines Auskunftsersuchens nach Art. 15 DSGVO wird die PTB Ihnen auch die \u00fcbrigen, hier nicht im Einzelnen genannten, in den Abs\u00e4tzen 1 bis 3 des Art. 15 DSGVO vorgesehenen Informationen mitteilen.<\/p>\n<p>Recht auf Berichtigung: Gem\u00e4\u00df Art. 16 DSGVO haben Sie das Recht auf unverz\u00fcgliche Berichtigung sie betreffender unrichtiger personenbezogener Daten sowie gegebenenfalls das Recht auf Vervollst\u00e4ndigung Ihrer bei uns gespeicherten unvollst\u00e4ndigen Daten.<\/p>\n<p>Recht auf L\u00f6schung: Gem\u00e4\u00df Art. 17 DSGVO haben Sie das Recht, die L\u00f6schung Ihrer personenbezogenen Daten zu verlangen, wenn die Voraussetzungen des Art. 17 Abs. 1 DSGVO vorliegen. Dieses Recht besteht aber gem\u00e4\u00df Abs. 3 zum Beispiel dann nicht, wenn die Verarbeitung der Daten zur Aus\u00fcbung des Rechts auf freie Meinungs\u00e4u\u00dferung und Information, zur Erf\u00fcllung einer rechtlichen Verpflichtung, aus Gr\u00fcnden des \u00f6ffentlichen Interesses oder zur Geltendmachung, Aus\u00fcbung oder Verteidigung von Rechtsanspr\u00fcchen erforderlich ist.<\/p>\n<p>Recht auf Einschr\u00e4nkung der Verarbeitung: Gem\u00e4\u00df Art. 18 DSGVO haben Sie das Recht, die Einschr\u00e4nkung der Verarbeitung Ihrer personenbezogenen Daten zu verlangen:<\/p>\n<p>solange die von Ihnen bestrittene Richtigkeit der Daten durch die PTB \u00fcberpr\u00fcft wird, und\/oder<br \/>\nwenn Sie die L\u00f6schung der Daten wegen unzul\u00e4ssiger Datenverarbeitung ablehnen und stattdessen die Einschr\u00e4nkung verlangen, und\/oder<br \/>\nwenn Sie Ihre Daten zur Geltendmachung, Aus\u00fcbung oder Verteidigung von Rechtsanspr\u00fcchen ben\u00f6tigen, obwohl die PTB diese Daten wegen Erreichen oder Wegfalls des Verarbeitungszwecks nicht mehr ben\u00f6tigt, bzw. l\u00f6schen m\u00fcsste, und\/oder<br \/>\nsolange nach Einlegung eines Widerspruchs nach Art. 21 Abs. 1 DSGVO nicht feststeht, ob die von der PTB als Rechtsgrundlage f\u00fcr die Verarbeitung angef\u00fchrten berechtigten Gr\u00fcnde diejenigen sich aus Ihrer besonderen Situation ergebenden Gr\u00fcnde \u00fcberwiegen, die Sie zur Grundlage Ihres Widerspruchs gemacht haben.<\/p>\n<p>Personenbezogene Daten, deren Verarbeitung eingeschr\u00e4nkt wurde, werden weiterhin von der PTB gespeichert und im \u00dcbrigen nur mit Ihrer Einwilligung oder zur Geltendmachung, Aus\u00fcbung oder Verteidigung von Rechtsanspr\u00fcchen oder zum Schutz der Rechte einer anderen nat\u00fcrlichen oder juristischen Person oder aus Gr\u00fcnden eines wichtigen \u00f6ffentlichen Interesses der Union oder eines Mitgliedsstaats verarbeitet.<\/p>\n<p>Die PTB wird Sie unterrichten, bevor eine Einschr\u00e4nkung der Verarbeitung wieder aufgehoben wird.<\/p>\n<p>Recht auf Daten\u00fcbertragbarkeit: Gem\u00e4\u00df Art. 20 DSGVO haben Sie das Recht, die Sie betreffenden personenbezogenen Daten, die Sie der PTB zur Verf\u00fcgung gestellt haben, in einem g\u00e4ngigen, strukturierten und maschinenlesbaren Format zu erhalten. Dies gilt, wenn die PTB diese Daten aufgrund Ihrer Einwilligung oder aufgrund eines Vertrages mithilfe automatischer Verfahren verarbeitet.<\/p>\n<p>Recht auf Beschwerde bei einer Aufsichtsbeh\u00f6rde: Gem\u00e4\u00df Art. 77 DSGVO haben Sie &#8211; unbeschadet anderer Rechtsbehelfe &#8211; das Recht auf Beschwerde bei einer Aufsichtsbeh\u00f6rde, wenn Sie der Ansicht sind, dass die Verarbeitung der Sie betreffenden personenbezogenen Daten gegen geltendes Recht verst\u00f6\u00dft. Diese Beschwerde kann bei einer einzigen Aufsichtsbeh\u00f6rde im Geltungsbereich der Datenschutzgrundverordnung eingelegt werden.<\/p>\n<h3>III. Widerspruchsrecht<\/h3>\n<p>WENN UND SOWEIT DIE PTB IHRE PERSONENBEZOGENEN DATEN AUFGRUND EINES \u00dcBERWIEGENDEN BERECHTIGTEN INTERESSES VERARBEITET, HABEN SIE DAS RECHT, AUS GR\u00dcNDEN, DIE SICH AUS IHRER BESONDEREN SITUATION ERGEBEN, DIESER VERARBEITUNG ZU WIDERSPRECHEN.<\/p>\n<p>MACHEN SIE VON IHREM WIDERSPRUCHSRECHT GEBRAUCH, BEENDET DIE PTB DIE VERARBEITUNG DER BETROFFENEN DATEN. EINE WEITERVERARBEITUNG BLEIBT ABER VORBEHALTEN, WENN DIE PTB ZWINGENDE SCHUTZW\u00dcRDIGE GR\u00dcNDE F\u00dcR DIE VERARBEITUNG NACHWEISEN KANN, DIE IHRE INTERESSEN, GRUNDRECHTE UND GRUNDFREIHEITEN \u00dcBERWIEGEN, ODER WENN DIE VERARBEITUNG DER GELTENDMACHUNG, AUS\u00dcBUNG ODER VERTEIDIGUNG VON RECHTSANSPR\u00dcCHEN DIENT.<\/p>\n<h4>Datenschutzbeauftragte:<\/h4>\n<p>Lena-Maximiliane Kre\u00dfmann<br \/>\nTelefon: +49 (0)531 592-8463<br \/>\nE-Mail: datenschutz@ptb.de<\/p>\n","protected":false},"excerpt":{"rendered":"<p>Datenschutzerkl\u00e4rung F\u00fcr die Verarbeitung personenbezogener Daten bei der Nutzung dieser Webseite ist die Physikalisch-Technische Bundesanstalt (PTB) Braunschweig und Berlin, vertreten durch die Pr\u00e4sidentin Prof. Dr. Cornelia Denz, Bundesallee 100, 38116 Braunschweig, Deutschland, Tel.: +49 (0)531 592-0, E-Mail: info@ptb.de verantwortlich. Nachfolgend m\u00f6chte Sie die PTB \u00fcber die bei der Nutzung dieser Webseite verarbeiteten personenbezogenen Daten und [&hellip;]<\/p>\n","protected":false},"author":1,"featured_media":0,"parent":0,"menu_order":0,"comment_status":"closed","ping_status":"closed","template":"","meta":{"_acf_changed":false,"footnotes":""},"class_list":["post-281","page","type-page","status-publish","hentry"],"acf":[],"_links":{"self":[{"href":"https:\/\/allianz-wasserstoffsicherheit.de\/en\/wp-json\/wp\/v2\/pages\/281","targetHints":{"allow":["GET"]}}],"collection":[{"href":"https:\/\/allianz-wasserstoffsicherheit.de\/en\/wp-json\/wp\/v2\/pages"}],"about":[{"href":"https:\/\/allianz-wasserstoffsicherheit.de\/en\/wp-json\/wp\/v2\/types\/page"}],"author":[{"embeddable":true,"href":"https:\/\/allianz-wasserstoffsicherheit.de\/en\/wp-json\/wp\/v2\/users\/1"}],"replies":[{"embeddable":true,"href":"https:\/\/allianz-wasserstoffsicherheit.de\/en\/wp-json\/wp\/v2\/comments?post=281"}],"version-history":[{"count":0,"href":"https:\/\/allianz-wasserstoffsicherheit.de\/en\/wp-json\/wp\/v2\/pages\/281\/revisions"}],"wp:attachment":[{"href":"https:\/\/allianz-wasserstoffsicherheit.de\/en\/wp-json\/wp\/v2\/media?parent=281"}],"curies":[{"name":"wp","href":"https:\/\/api.w.org\/{rel}","templated":true}]}}